{"id":7337,"date":"2023-07-05T12:05:20","date_gmt":"2023-07-05T12:05:20","guid":{"rendered":"https:\/\/centralgroup.africa\/?post_type=product&#038;p=7337"},"modified":"2023-07-05T12:05:20","modified_gmt":"2023-07-05T12:05:20","slug":"reservoir-de-solides-secs-en-vrac","status":"publish","type":"product","link":"https:\/\/centralgroup.africa\/index.php\/product\/reservoir-de-solides-secs-en-vrac\/","title":{"rendered":"R\u00c9SERVOIR DE SOLIDES SECS EN VRAC"},"content":{"rendered":"","protected":false},"excerpt":{"rendered":"<p>Les r\u00e9servoirs secs de solides en vrac sous pression sont principalement utilis\u00e9s \u00e0 bord des navires de transports de pleine mer.<\/p>\n<p>Les r\u00e9servoirs secs de solides en vrac associ\u00e9 au plancher de fluidisation LION, assurent une d\u00e9charge rapide et propre de vos produits de fret.<\/p>\n","protected":false},"featured_media":7338,"comment_status":"open","ping_status":"closed","template":"","meta":[],"product_cat":[],"product_tag":[],"_links":{"self":[{"href":"https:\/\/centralgroup.africa\/index.php\/wp-json\/wp\/v2\/product\/7337"}],"collection":[{"href":"https:\/\/centralgroup.africa\/index.php\/wp-json\/wp\/v2\/product"}],"about":[{"href":"https:\/\/centralgroup.africa\/index.php\/wp-json\/wp\/v2\/types\/product"}],"replies":[{"embeddable":true,"href":"https:\/\/centralgroup.africa\/index.php\/wp-json\/wp\/v2\/comments?post=7337"}],"wp:featuredmedia":[{"embeddable":true,"href":"https:\/\/centralgroup.africa\/index.php\/wp-json\/wp\/v2\/media\/7338"}],"wp:attachment":[{"href":"https:\/\/centralgroup.africa\/index.php\/wp-json\/wp\/v2\/media?parent=7337"}],"wp:term":[{"taxonomy":"product_cat","embeddable":true,"href":"https:\/\/centralgroup.africa\/index.php\/wp-json\/wp\/v2\/product_cat?post=7337"},{"taxonomy":"product_tag","embeddable":true,"href":"https:\/\/centralgroup.africa\/index.php\/wp-json\/wp\/v2\/product_tag?post=7337"}],"curies":[{"name":"wp","href":"https:\/\/api.w.org\/{rel}","templated":true}]}}