{"id":7321,"date":"2023-07-03T15:46:11","date_gmt":"2023-07-03T15:46:11","guid":{"rendered":"https:\/\/centralgroup.africa\/?post_type=product&#038;p=7321"},"modified":"2023-07-03T15:46:14","modified_gmt":"2023-07-03T15:46:14","slug":"incinerateur-marin-gs500cs","status":"publish","type":"product","link":"https:\/\/centralgroup.africa\/index.php\/product\/incinerateur-marin-gs500cs\/","title":{"rendered":"INCIN\u00c9RATEUR MARIN GS500CS"},"content":{"rendered":"","protected":false},"excerpt":{"rendered":"<p>Le GS500CS est l&#8217;un des incin\u00e9rateurs marins les plus efficaces du march\u00e9 actuel. Ce mod\u00e8le est disponible avec une alimentation manuelle ou automatique des d\u00e9chets solides et une combustion enti\u00e8rement automatique des boues br\u00fbl\u00e9es.<\/p>\n","protected":false},"featured_media":7322,"comment_status":"open","ping_status":"closed","template":"","meta":[],"product_cat":[],"product_tag":[],"_links":{"self":[{"href":"https:\/\/centralgroup.africa\/index.php\/wp-json\/wp\/v2\/product\/7321"}],"collection":[{"href":"https:\/\/centralgroup.africa\/index.php\/wp-json\/wp\/v2\/product"}],"about":[{"href":"https:\/\/centralgroup.africa\/index.php\/wp-json\/wp\/v2\/types\/product"}],"replies":[{"embeddable":true,"href":"https:\/\/centralgroup.africa\/index.php\/wp-json\/wp\/v2\/comments?post=7321"}],"wp:featuredmedia":[{"embeddable":true,"href":"https:\/\/centralgroup.africa\/index.php\/wp-json\/wp\/v2\/media\/7322"}],"wp:attachment":[{"href":"https:\/\/centralgroup.africa\/index.php\/wp-json\/wp\/v2\/media?parent=7321"}],"wp:term":[{"taxonomy":"product_cat","embeddable":true,"href":"https:\/\/centralgroup.africa\/index.php\/wp-json\/wp\/v2\/product_cat?post=7321"},{"taxonomy":"product_tag","embeddable":true,"href":"https:\/\/centralgroup.africa\/index.php\/wp-json\/wp\/v2\/product_tag?post=7321"}],"curies":[{"name":"wp","href":"https:\/\/api.w.org\/{rel}","templated":true}]}}