{"id":7304,"date":"2023-07-03T14:28:24","date_gmt":"2023-07-03T14:28:24","guid":{"rendered":"https:\/\/centralgroup.africa\/?post_type=product&#038;p=7304"},"modified":"2023-07-03T14:28:24","modified_gmt":"2023-07-03T14:28:24","slug":"doubles-chaumards","status":"publish","type":"product","link":"https:\/\/centralgroup.africa\/index.php\/product\/doubles-chaumards\/","title":{"rendered":"DOUBLES CHAUMARDS"},"content":{"rendered":"","protected":false},"excerpt":{"rendered":"<p>Les chaumards doubles sont con\u00e7us pour deux cordes. Ils peuvent \u00eatre soud\u00e9s dans le pavois ou sur le pont. Tous les chaumards THR sont constitu\u00e9s de rouleaux avec un roulement en acier bronze et une lubrification \u00e0 la graisse.<\/p>\n<p>Outre les types standard, des chaumards sur mesure peuvent \u00e9galement \u00eatre con\u00e7us. Sur demande et en consultation, THR con\u00e7oit des chaumards avec diff\u00e9rentes mesures, roulements ou poids, ainsi que des types conformes aux r\u00e9glementations OCIMF.<\/p>\n","protected":false},"featured_media":7305,"comment_status":"open","ping_status":"closed","template":"","meta":[],"product_cat":[],"product_tag":[],"_links":{"self":[{"href":"https:\/\/centralgroup.africa\/index.php\/wp-json\/wp\/v2\/product\/7304"}],"collection":[{"href":"https:\/\/centralgroup.africa\/index.php\/wp-json\/wp\/v2\/product"}],"about":[{"href":"https:\/\/centralgroup.africa\/index.php\/wp-json\/wp\/v2\/types\/product"}],"replies":[{"embeddable":true,"href":"https:\/\/centralgroup.africa\/index.php\/wp-json\/wp\/v2\/comments?post=7304"}],"wp:featuredmedia":[{"embeddable":true,"href":"https:\/\/centralgroup.africa\/index.php\/wp-json\/wp\/v2\/media\/7305"}],"wp:attachment":[{"href":"https:\/\/centralgroup.africa\/index.php\/wp-json\/wp\/v2\/media?parent=7304"}],"wp:term":[{"taxonomy":"product_cat","embeddable":true,"href":"https:\/\/centralgroup.africa\/index.php\/wp-json\/wp\/v2\/product_cat?post=7304"},{"taxonomy":"product_tag","embeddable":true,"href":"https:\/\/centralgroup.africa\/index.php\/wp-json\/wp\/v2\/product_tag?post=7304"}],"curies":[{"name":"wp","href":"https:\/\/api.w.org\/{rel}","templated":true}]}}