{"id":7274,"date":"2023-07-03T13:11:55","date_gmt":"2023-07-03T13:11:55","guid":{"rendered":"https:\/\/centralgroup.africa\/?post_type=product&#038;p=7274"},"modified":"2023-07-03T13:11:57","modified_gmt":"2023-07-03T13:11:57","slug":"7274","status":"publish","type":"product","link":"https:\/\/centralgroup.africa\/index.php\/product\/7274\/","title":{"rendered":""},"content":{"rendered":"<p>Sous l\u2019impulsion de sa Direction, la soci\u00e9t\u00e9 est entr\u00e9e en 1993 dans le groupe FIPAM, et s\u2019est diversifi\u00e9e depuis le d\u00e9but des ann\u00e9es 2000 avec des mat\u00e9riels de mesure hydrographiques et graphiques.<\/p>\n<p>Forte de plus de 30 ans d\u2019exp\u00e9rience, d\u2019un bureau d\u2019\u00e9tudes sp\u00e9cialis\u00e9 et d\u2019un personnel hautement qualifi\u00e9, ETHM a pour vocation \u00e9galement aussi bien \u00e0 l\u2019utilisateur que concepteur un savoir-faire reconnu dans le m\u00e9tier des \u00e9quipements maritimes. Associ\u00e9e \u00e0 ses soci\u00e9t\u00e9s soeurs, les chantiers navals C.M. Mouquet &#038; Manche Industrie Marine ainsi que gr\u00e2ce \u00e0 de nombreux partenariats, elle d\u00e9veloppe une gamme de produit tr\u00e8s large pour r\u00e9pondre aux besoins des exploitants.<\/p>\n<p>Bas\u00e9e en France, son activit\u00e9 se d\u00e9veloppe aussi bien en France et Dom-Tom que sur l\u2019ensemble des pays francophones tels que les pays de l\u2019Afrique du Nord (Tunisie, Maroc, Alg\u00e9rie), ceux de l\u2019Afrique de l\u2019Ouest ou Madagascar.<\/p>\n","protected":false},"excerpt":{"rendered":"<p>La soci\u00e9t\u00e9 Equipements et Travaux Hydrauliques et Maritimes (ETHM) a \u00e9t\u00e9 cr\u00e9\u00e9e en 1972 \u00e0 Paris, en France. Depuis cette date, elle est sp\u00e9cialis\u00e9e dans l\u2019\u00e9tude, la fabrication et la fourniture d\u2019\u00e9quipements maritimes et portuaires.<\/p>\n","protected":false},"featured_media":7275,"comment_status":"open","ping_status":"closed","template":"","meta":[],"product_cat":[],"product_tag":[],"_links":{"self":[{"href":"https:\/\/centralgroup.africa\/index.php\/wp-json\/wp\/v2\/product\/7274"}],"collection":[{"href":"https:\/\/centralgroup.africa\/index.php\/wp-json\/wp\/v2\/product"}],"about":[{"href":"https:\/\/centralgroup.africa\/index.php\/wp-json\/wp\/v2\/types\/product"}],"replies":[{"embeddable":true,"href":"https:\/\/centralgroup.africa\/index.php\/wp-json\/wp\/v2\/comments?post=7274"}],"wp:featuredmedia":[{"embeddable":true,"href":"https:\/\/centralgroup.africa\/index.php\/wp-json\/wp\/v2\/media\/7275"}],"wp:attachment":[{"href":"https:\/\/centralgroup.africa\/index.php\/wp-json\/wp\/v2\/media?parent=7274"}],"wp:term":[{"taxonomy":"product_cat","embeddable":true,"href":"https:\/\/centralgroup.africa\/index.php\/wp-json\/wp\/v2\/product_cat?post=7274"},{"taxonomy":"product_tag","embeddable":true,"href":"https:\/\/centralgroup.africa\/index.php\/wp-json\/wp\/v2\/product_tag?post=7274"}],"curies":[{"name":"wp","href":"https:\/\/api.w.org\/{rel}","templated":true}]}}