{"id":7260,"date":"2023-06-23T16:15:54","date_gmt":"2023-06-23T16:15:54","guid":{"rendered":"https:\/\/centralgroup.africa\/?post_type=product&#038;p=7260"},"modified":"2023-06-23T16:15:54","modified_gmt":"2023-06-23T16:15:54","slug":"des-lubrifiants-marins-eco-responsables","status":"publish","type":"product","link":"https:\/\/centralgroup.africa\/index.php\/product\/des-lubrifiants-marins-eco-responsables\/","title":{"rendered":"DES LUBRIFIANTS MARINS \u00c9CO-RESPONSABLES"},"content":{"rendered":"<p>Les produits g\u00e9n\u00e9ralement utilis\u00e9s dans cette application comprennent HYDROX BIO 68, HYDROX BIO 100, HYDROX BIO 220 et ECOSURE HSE 68. Pour plus d\u2019informations, veuillez utiliser le lien suivant pour nous contacter et fournir des informations de base suppl\u00e9mentaires pour nous permettre de fournir des conseils sp\u00e9cifiques.<\/p>\n<p>Vickers Oils propose \u00e9galement une gamme de produits \u00e0 base d\u2019huile min\u00e9rale qui peuvent \u00eatre utilis\u00e9s dans les stabilisants lorsque des EAL ne sont pas n\u00e9cessaires. Les produits typiques incluent HYDROX 550, HYDROX 21 et NEOX D.<\/p>\n","protected":false},"excerpt":{"rendered":"<p>Vickers Oils propose une gamme de produits conformes au VGP qui ont \u00e9t\u00e9 approuv\u00e9s par divers OEM pour une utilisation dans les stabilisateurs o\u00f9 il existe un risque de perte de fluide dans l\u2019environnement. Ces produits offrent une excellente protection de l\u2019\u00e9quipement et de bonnes performances anti-usure dans des conditions s\u00e9v\u00e8res.<\/p>\n<p>Notre gamme de lubrifiants respectueux de l\u2019environnement (EAL) pour cette application est bas\u00e9e sur des esters synth\u00e9tiques et r\u00e9pond aux d\u00e9finitions et exigences \u00e9cologiques d\u00e9taill\u00e9es \u00e9nonc\u00e9es dans le permis g\u00e9n\u00e9ral du navire (VGP).<\/p>\n","protected":false},"featured_media":7261,"comment_status":"open","ping_status":"closed","template":"","meta":[],"product_cat":[],"product_tag":[],"_links":{"self":[{"href":"https:\/\/centralgroup.africa\/index.php\/wp-json\/wp\/v2\/product\/7260"}],"collection":[{"href":"https:\/\/centralgroup.africa\/index.php\/wp-json\/wp\/v2\/product"}],"about":[{"href":"https:\/\/centralgroup.africa\/index.php\/wp-json\/wp\/v2\/types\/product"}],"replies":[{"embeddable":true,"href":"https:\/\/centralgroup.africa\/index.php\/wp-json\/wp\/v2\/comments?post=7260"}],"wp:featuredmedia":[{"embeddable":true,"href":"https:\/\/centralgroup.africa\/index.php\/wp-json\/wp\/v2\/media\/7261"}],"wp:attachment":[{"href":"https:\/\/centralgroup.africa\/index.php\/wp-json\/wp\/v2\/media?parent=7260"}],"wp:term":[{"taxonomy":"product_cat","embeddable":true,"href":"https:\/\/centralgroup.africa\/index.php\/wp-json\/wp\/v2\/product_cat?post=7260"},{"taxonomy":"product_tag","embeddable":true,"href":"https:\/\/centralgroup.africa\/index.php\/wp-json\/wp\/v2\/product_tag?post=7260"}],"curies":[{"name":"wp","href":"https:\/\/api.w.org\/{rel}","templated":true}]}}