{"id":7145,"date":"2023-06-21T14:31:17","date_gmt":"2023-06-21T14:31:17","guid":{"rendered":"https:\/\/centralgroup.africa\/?post_type=product&#038;p=7145"},"modified":"2023-06-21T14:32:01","modified_gmt":"2023-06-21T14:32:01","slug":"transmission-de-50-de-couple-en-plus","status":"publish","type":"product","link":"https:\/\/centralgroup.africa\/index.php\/product\/transmission-de-50-de-couple-en-plus\/","title":{"rendered":"Transmission de 50 % de couple en plus"},"content":{"rendered":"<p>Les accouplements d\u2019arbres de moteurs OKCX ou OKFX ont plusieurs avantages :<\/p>\n<p>Un couple plus \u00e9lev\u00e9 peut \u00eatre transmis ;<br \/>\nIls peuvent supporter des efforts dus aux chocs plus importants caus\u00e9s par des changements de rotation rapides ;<br \/>\nLe diam\u00e8tre de l\u2019arbre peut \u00eatre r\u00e9duit ;<br \/>\nLe diam\u00e8tre et la longueur de l\u2019accouplement peuvent \u00eatre r\u00e9duits ;<br \/>\nLe poids de l\u2019accouplement peut \u00eatre r\u00e9duit ;<br \/>\nLa pression de surface de l\u2019accouplement peut \u00eatre r\u00e9duite ;<br \/>\nL\u2019utilisation de manchons de renforcement pour arbres creux n\u2019est pas n\u00e9cessaire.<\/p>\n","protected":false},"excerpt":{"rendered":"<p>Le manchon int\u00e9rieur des accouplements OKCX et OKFX est rev\u00eatu de carbures \u00e0 l\u2019aide d\u2019une technologie plasma de pointe. Ce rev\u00eatement augmente consid\u00e9rablement la capacit\u00e9 de couple, environ 50 % plus \u00e9lev\u00e9e qu\u2019avec un accouplement OKC ou OKF de la m\u00eame taille.<\/p>\n","protected":false},"featured_media":7146,"comment_status":"open","ping_status":"closed","template":"","meta":[],"product_cat":[],"product_tag":[],"_links":{"self":[{"href":"https:\/\/centralgroup.africa\/index.php\/wp-json\/wp\/v2\/product\/7145"}],"collection":[{"href":"https:\/\/centralgroup.africa\/index.php\/wp-json\/wp\/v2\/product"}],"about":[{"href":"https:\/\/centralgroup.africa\/index.php\/wp-json\/wp\/v2\/types\/product"}],"replies":[{"embeddable":true,"href":"https:\/\/centralgroup.africa\/index.php\/wp-json\/wp\/v2\/comments?post=7145"}],"wp:featuredmedia":[{"embeddable":true,"href":"https:\/\/centralgroup.africa\/index.php\/wp-json\/wp\/v2\/media\/7146"}],"wp:attachment":[{"href":"https:\/\/centralgroup.africa\/index.php\/wp-json\/wp\/v2\/media?parent=7145"}],"wp:term":[{"taxonomy":"product_cat","embeddable":true,"href":"https:\/\/centralgroup.africa\/index.php\/wp-json\/wp\/v2\/product_cat?post=7145"},{"taxonomy":"product_tag","embeddable":true,"href":"https:\/\/centralgroup.africa\/index.php\/wp-json\/wp\/v2\/product_tag?post=7145"}],"curies":[{"name":"wp","href":"https:\/\/api.w.org\/{rel}","templated":true}]}}