{"id":7143,"date":"2023-06-21T14:23:02","date_gmt":"2023-06-21T14:23:02","guid":{"rendered":"https:\/\/centralgroup.africa\/?post_type=product&#038;p=7143"},"modified":"2023-06-21T14:23:03","modified_gmt":"2023-06-21T14:23:03","slug":"diminution-des-temps-de-raccordement-des-arbres-de-moteur","status":"publish","type":"product","link":"https:\/\/centralgroup.africa\/index.php\/product\/diminution-des-temps-de-raccordement-des-arbres-de-moteur\/","title":{"rendered":"Diminution des temps de raccordement des arbres de moteur"},"content":{"rendered":"<p>L\u2019accouplement OK de SKF ne n\u00e9cessite pas de rainure dans l\u2019arbre ou le moyeu pour transmettre les couples. Cela permet de r\u00e9aliser d\u2019importantes \u00e9conomies et d\u2019aider \u00e0 \u00e9viter la concentration de contraintes au niveau de l\u2019arbre. Ce type d\u2019accouplement est constitu\u00e9 d\u2019un manchon int\u00e9rieur conique \u00e0 paroi mince, con\u00e7u pour \u00eatre serr\u00e9 sur l\u2019arbre, et d\u2019un manchon ext\u00e9rieur \u00e0 paroi \u00e9paisse pr\u00e9sentant une conicit\u00e9 compatible avec celle du manchon inf\u00e9rieur.<\/p>\n<p>L\u2019huile est inject\u00e9e sous haute pression entre les surfaces de contact et le manchon sup\u00e9rieur est pouss\u00e9 sur le manchon int\u00e9rieur \u00e0 l\u2019aide d\u2019un v\u00e9rin hydraulique int\u00e9gr\u00e9. Une fois le positionnement ad\u00e9quat obtenu, la pression est rel\u00e2ch\u00e9e et l\u2019ajustement extr\u00eamement serr\u00e9 ainsi obtenu permet la transmission de couples \u00e9lev\u00e9s.<\/p>\n","protected":false},"excerpt":{"rendered":"<p>Le montage et d\u00e9montage des accouplements d\u2019arbres sont des op\u00e9rations fastidieuses qui peuvent prendre des heures, voire des jours. Les accouplements OK de SKF peuvent r\u00e9duire de fa\u00e7on significative le temps n\u00e9cessaire pour raccorder des arbres et des \u00e9paulements dans des \u00e9quipements lourds comme les r\u00e9ducteurs de grandes dimensions.<\/p>\n","protected":false},"featured_media":7144,"comment_status":"open","ping_status":"closed","template":"","meta":[],"product_cat":[],"product_tag":[],"_links":{"self":[{"href":"https:\/\/centralgroup.africa\/index.php\/wp-json\/wp\/v2\/product\/7143"}],"collection":[{"href":"https:\/\/centralgroup.africa\/index.php\/wp-json\/wp\/v2\/product"}],"about":[{"href":"https:\/\/centralgroup.africa\/index.php\/wp-json\/wp\/v2\/types\/product"}],"replies":[{"embeddable":true,"href":"https:\/\/centralgroup.africa\/index.php\/wp-json\/wp\/v2\/comments?post=7143"}],"wp:featuredmedia":[{"embeddable":true,"href":"https:\/\/centralgroup.africa\/index.php\/wp-json\/wp\/v2\/media\/7144"}],"wp:attachment":[{"href":"https:\/\/centralgroup.africa\/index.php\/wp-json\/wp\/v2\/media?parent=7143"}],"wp:term":[{"taxonomy":"product_cat","embeddable":true,"href":"https:\/\/centralgroup.africa\/index.php\/wp-json\/wp\/v2\/product_cat?post=7143"},{"taxonomy":"product_tag","embeddable":true,"href":"https:\/\/centralgroup.africa\/index.php\/wp-json\/wp\/v2\/product_tag?post=7143"}],"curies":[{"name":"wp","href":"https:\/\/api.w.org\/{rel}","templated":true}]}}