{"id":7127,"date":"2023-06-21T13:01:22","date_gmt":"2023-06-21T13:01:22","guid":{"rendered":"https:\/\/centralgroup.africa\/?post_type=product&#038;p=7127"},"modified":"2023-06-21T13:01:22","modified_gmt":"2023-06-21T13:01:22","slug":"joint-etanche-aux-cloisons-simplex","status":"publish","type":"product","link":"https:\/\/centralgroup.africa\/index.php\/product\/joint-etanche-aux-cloisons-simplex\/","title":{"rendered":"JOINT \u00c9TANCHE AUX CLOISONS SIMPLEX"},"content":{"rendered":"","protected":false},"excerpt":{"rendered":"<p>La conception du joint \u00e9tanche aux cloisons Simplex est bas\u00e9e sur le joint \u00e0 l\u00e8vre avant Simplex.<\/p>\n<p>Deux bagues d\u2019\u00e9tanch\u00e9it\u00e9 se font face, agissant ainsi comme une chambre barri\u00e8re remplie d\u2019huile. Cette chambre est reli\u00e9e \u00e0 un r\u00e9servoir d\u2019huile de 15\/30 l et la lubrification et le refroidissement permanents de l\u2019huile sont assur\u00e9s au moyen d\u2019un circulateur.<\/p>\n<p>Une solution sp\u00e9ciale pour des vitesses d\u2019arbre \u00e9lev\u00e9es est fournie par une disposition dos \u00e0 dos des bagues d\u2019\u00e9tanch\u00e9it\u00e9 en combinaison avec de la graisse d\u2019application. Le niveau de graisse optimal est assur\u00e9 par l\u2019utilisation d\u2019une unit\u00e9 de dosage de graisse.<\/p>\n<p>Le joint \u00e9tanche au gaz de cloison Simplex peut \u00e9galement \u00eatre fourni en version compl\u00e8tement divis\u00e9e axialement.<\/p>\n<p>Ce joint est con\u00e7u pour une r\u00e9vision in situ conform\u00e9ment aux normes de r\u00e9paration Simplex certifi\u00e9es et approuv\u00e9es. Le service et les pi\u00e8ces de rechange sont disponibles via notre r\u00e9seau mondial.<\/p>\n<p>Une bride adaptatrice (divis\u00e9e) en option est disponible pour tous les joints de cloison Simplex. Cela signifie que l\u2019\u00e9videment, le cercle primitif et les diam\u00e8tres ext\u00e9rieurs peuvent \u00eatre adapt\u00e9s pour correspondre aux dimensions requises, permettant aux brides d\u2019arbre, aux accouplements, aux roulements, etc. d\u2019\u00eatre connect\u00e9s \u00e0 travers la cloison.<\/p>\n","protected":false},"featured_media":7128,"comment_status":"open","ping_status":"closed","template":"","meta":[],"product_cat":[],"product_tag":[],"_links":{"self":[{"href":"https:\/\/centralgroup.africa\/index.php\/wp-json\/wp\/v2\/product\/7127"}],"collection":[{"href":"https:\/\/centralgroup.africa\/index.php\/wp-json\/wp\/v2\/product"}],"about":[{"href":"https:\/\/centralgroup.africa\/index.php\/wp-json\/wp\/v2\/types\/product"}],"replies":[{"embeddable":true,"href":"https:\/\/centralgroup.africa\/index.php\/wp-json\/wp\/v2\/comments?post=7127"}],"wp:featuredmedia":[{"embeddable":true,"href":"https:\/\/centralgroup.africa\/index.php\/wp-json\/wp\/v2\/media\/7128"}],"wp:attachment":[{"href":"https:\/\/centralgroup.africa\/index.php\/wp-json\/wp\/v2\/media?parent=7127"}],"wp:term":[{"taxonomy":"product_cat","embeddable":true,"href":"https:\/\/centralgroup.africa\/index.php\/wp-json\/wp\/v2\/product_cat?post=7127"},{"taxonomy":"product_tag","embeddable":true,"href":"https:\/\/centralgroup.africa\/index.php\/wp-json\/wp\/v2\/product_tag?post=7127"}],"curies":[{"name":"wp","href":"https:\/\/api.w.org\/{rel}","templated":true}]}}