{"id":7121,"date":"2023-06-20T16:47:53","date_gmt":"2023-06-20T16:47:53","guid":{"rendered":"https:\/\/centralgroup.africa\/?post_type=product&#038;p=7121"},"modified":"2023-06-20T16:47:53","modified_gmt":"2023-06-20T16:47:53","slug":"performances-detancheite-robustes","status":"publish","type":"product","link":"https:\/\/centralgroup.africa\/index.php\/product\/performances-detancheite-robustes\/","title":{"rendered":"PERFORMANCES D&#8217;\u00c9TANCH\u00c9IT\u00c9 ROBUSTES"},"content":{"rendered":"","protected":false},"excerpt":{"rendered":"<table class=\"paragraphetexte\" border=\"0\" width=\"100%\" cellspacing=\"0\" cellpadding=\"0\">\n<tbody>\n<tr>\n<td width=\"100%\">\n<div class=\"B10_paragraphe_0\">\n<p>Le joint droit r\u00e9duit la friction, retient le lubrifiant et emp\u00eache les contaminants de p\u00e9n\u00e9trer dans le syst\u00e8me. SKF Marine aide \u00e0 identifier le bon joint pour chaque application individuelle. Les joints Simplex et SKF sont disponibles dans de nombreux mod\u00e8les, tailles et mat\u00e9riaux. Avec SKF Marine, tous les produits et solutions sont disponibles dans le monde entier et seront livr\u00e9s rapidement. Les clients obtiennent des performances d\u2019\u00e9tanch\u00e9it\u00e9 toujours fiables, quand et o\u00f9 ils en ont besoin de mani\u00e8re rentable.<\/p>\n<p>Le portefeuille d\u2019\u00e9tanch\u00e9it\u00e9 SKF Marine comprend :<\/p>\n<ul>\n<li>\n<h3>Joints Sterntube Simplex<\/h3>\n<\/li>\n<\/ul>\n<p>Les joints Simplex ont \u00e9tabli des normes dans l\u2019industrie du transport maritime et, apr\u00e8s pr\u00e8s de 60 ans, restent \u00e0 la pointe de la technologie des joints d\u2019\u00e9tambot.<\/p>\n<p>Le spectre d\u2019applications des joints SKF Marine Simplex est pratiquement illimit\u00e9 et de nombreuses versions diff\u00e9rentes sont disponibles pour r\u00e9pondre \u00e0 tous les besoins.<\/p>\n<p>Gr\u00e2ce \u00e0 leur fiabilit\u00e9 maximale, ils prot\u00e8gent en m\u00eame temps l\u2019environnement. Par exemple, le joint Simplex \u00ab Airspace \u00bb permet une s\u00e9paration absolue de l\u2019eau de mer et de l\u2019huile de tube d\u2019\u00e9tambot. La gamme compl\u00e8te de joints Simplex est compl\u00e9t\u00e9e par des roulements d\u2019arbre interm\u00e9diaire, des bagues de tube d\u2019\u00e9tambot ainsi que par les tubes Simplex FlexiTube et SternTube, des kits sterntube complets qui comprennent des roulements, des joints et des bagues en tant que solutions cl\u00e9s en main compl\u00e8tes.<\/p>\n<ul>\n<li>\n<h3>Joints de cloison Simplex<\/h3>\n<\/li>\n<\/ul>\n<\/div>\n<\/td>\n<\/tr>\n<\/tbody>\n<\/table>\n","protected":false},"featured_media":7122,"comment_status":"open","ping_status":"closed","template":"","meta":[],"product_cat":[],"product_tag":[],"_links":{"self":[{"href":"https:\/\/centralgroup.africa\/index.php\/wp-json\/wp\/v2\/product\/7121"}],"collection":[{"href":"https:\/\/centralgroup.africa\/index.php\/wp-json\/wp\/v2\/product"}],"about":[{"href":"https:\/\/centralgroup.africa\/index.php\/wp-json\/wp\/v2\/types\/product"}],"replies":[{"embeddable":true,"href":"https:\/\/centralgroup.africa\/index.php\/wp-json\/wp\/v2\/comments?post=7121"}],"wp:featuredmedia":[{"embeddable":true,"href":"https:\/\/centralgroup.africa\/index.php\/wp-json\/wp\/v2\/media\/7122"}],"wp:attachment":[{"href":"https:\/\/centralgroup.africa\/index.php\/wp-json\/wp\/v2\/media?parent=7121"}],"wp:term":[{"taxonomy":"product_cat","embeddable":true,"href":"https:\/\/centralgroup.africa\/index.php\/wp-json\/wp\/v2\/product_cat?post=7121"},{"taxonomy":"product_tag","embeddable":true,"href":"https:\/\/centralgroup.africa\/index.php\/wp-json\/wp\/v2\/product_tag?post=7121"}],"curies":[{"name":"wp","href":"https:\/\/api.w.org\/{rel}","templated":true}]}}