{"id":7094,"date":"2023-06-20T15:43:11","date_gmt":"2023-06-20T15:43:11","guid":{"rendered":"https:\/\/centralgroup.africa\/?post_type=product&#038;p=7094"},"modified":"2023-06-20T15:43:11","modified_gmt":"2023-06-20T15:43:11","slug":"logiciel-de-pilotage-daileron-stabilisateur-skf-ecomode","status":"publish","type":"product","link":"https:\/\/centralgroup.africa\/index.php\/product\/logiciel-de-pilotage-daileron-stabilisateur-skf-ecomode\/","title":{"rendered":"LOGICIEL DE PILOTAGE D\u2019AILERON STABILISATEUR SKF ECOMODE"},"content":{"rendered":"<p>Pour les stabilisateurs \u00e0 ailerons non r\u00e9tractables, le logiciel propose deux modes suppl\u00e9mentaires de fonctionnement du stabilisateur \u00e0 aileron \u2013 \u00abpassif\u00bb et \u00abr\u00e9duction d\u2019angle\u00bb. Chaque mode contribue \u00e0 assurer un fonctionnement s\u00fbr et une efficacit\u00e9 \u00e9nerg\u00e9tique optimis\u00e9e en fonction des conditions de la mer.<\/p>\n<p><strong>EcoMode<\/strong>\u00a0adaptable individuellement, par exemple l\u2019\u00e9quipage a la possibilit\u00e9 d\u2019accepter ou de refuser les recommandations du logiciel, l\u2019activation de nouveaux modes de fonctionnement imm\u00e9diatement apr\u00e8s l\u2019acceptation de la recommandation par l\u2019\u00e9quipage.<\/p>\n<p>R\u00e9duction possible de la consommation de carburant d\u2019un navire jusqu\u2019\u00e0 2% pendant l\u2019utilisation des stabilisateurs \u00e0 ailerons.<\/p>\n<p>Disponible pour les nouvelles constructions et en retrofit pour les stabilisateurs \u00e0 ailerons r\u00e9tractables et non r\u00e9tractables SKF existants ainsi que pour les syst\u00e8mes de stabilisation tiers.<\/p>\n","protected":false},"excerpt":{"rendered":"<p>Le logiciel <strong>CC\u00a0EcoMode<\/strong>\u00a0optimise l\u2019utilisation de stabilisateurs d\u2019ailerons r\u00e9tractables et non r\u00e9tractables en fonction des conditions m\u00e9t\u00e9orologiques et des analyses r\u00e9trospectives des mouvements du navire. Le logiciel permet jusqu\u2019\u00e0 trois modes suppl\u00e9mentaires de fonctionnement du stabilisateur d\u2019aileron, chacun \u00e9tant con\u00e7u pour optimiser la consommation d\u2019\u00e9nergie d\u2019un navire en fonction des conditions de la mer.<\/p>\n<p>Pour les stabilisateurs \u00e0 ailerons r\u00e9tractables, le logiciel propose trois modes suppl\u00e9mentaires de fonctionnement du stabilisateur aileron : \u00abpassif\u00bb, \u00abfonctionnement \u00e0 un seul aileron\u00bb et \u00abr\u00e9duction d\u2019angle\u00bb.<\/p>\n","protected":false},"featured_media":7095,"comment_status":"open","ping_status":"closed","template":"","meta":[],"product_cat":[],"product_tag":[],"_links":{"self":[{"href":"https:\/\/centralgroup.africa\/index.php\/wp-json\/wp\/v2\/product\/7094"}],"collection":[{"href":"https:\/\/centralgroup.africa\/index.php\/wp-json\/wp\/v2\/product"}],"about":[{"href":"https:\/\/centralgroup.africa\/index.php\/wp-json\/wp\/v2\/types\/product"}],"replies":[{"embeddable":true,"href":"https:\/\/centralgroup.africa\/index.php\/wp-json\/wp\/v2\/comments?post=7094"}],"wp:featuredmedia":[{"embeddable":true,"href":"https:\/\/centralgroup.africa\/index.php\/wp-json\/wp\/v2\/media\/7095"}],"wp:attachment":[{"href":"https:\/\/centralgroup.africa\/index.php\/wp-json\/wp\/v2\/media?parent=7094"}],"wp:term":[{"taxonomy":"product_cat","embeddable":true,"href":"https:\/\/centralgroup.africa\/index.php\/wp-json\/wp\/v2\/product_cat?post=7094"},{"taxonomy":"product_tag","embeddable":true,"href":"https:\/\/centralgroup.africa\/index.php\/wp-json\/wp\/v2\/product_tag?post=7094"}],"curies":[{"name":"wp","href":"https:\/\/api.w.org\/{rel}","templated":true}]}}