{"id":7071,"date":"2023-06-20T02:08:05","date_gmt":"2023-06-20T02:08:05","guid":{"rendered":"https:\/\/centralgroup.africa\/?post_type=product&#038;p=7071"},"modified":"2023-06-20T02:08:05","modified_gmt":"2023-06-20T02:08:05","slug":"appareils-a-gouverner-rotatifs","status":"publish","type":"product","link":"https:\/\/centralgroup.africa\/index.php\/product\/appareils-a-gouverner-rotatifs\/","title":{"rendered":"APPAREILS \u00c0 GOUVERNER ROTATIFS"},"content":{"rendered":"<h2>AVANTAGES<\/h2>\n<div class=\"texte\">\n<ul>\n<li>Conception compacte et \u00e9prouv\u00e9e<\/li>\n<li>Int\u00e9gration facile<\/li>\n<li>Moteur \u00e0 tiroirs rotatifs avec support de palonnier int\u00e9gr\u00e9 et palier lisse<\/li>\n<li>Syst\u00e8me hydraulique redondant<\/li>\n<li>R\u00e9sistant aux chocs<\/li>\n<\/ul>\n<\/div>\n","protected":false},"excerpt":{"rendered":"<p>Les appareils \u00e0 gouverner rotatifs \u00e0 tiroirs peuvent \u00eatre utilis\u00e9s pour n\u2019importe quelle conception de gouvernail et sont la solution optimale pour les navires avec des restrictions d\u2019espace ainsi que pour toutes sortes de navires. Depuis 1985, SKF Marine a fourni plus de 80 syst\u00e8mes de gouverne \u00e0 tiroirs doubles ou simples dans le monde.<\/p>\n","protected":false},"featured_media":7072,"comment_status":"open","ping_status":"closed","template":"","meta":[],"product_cat":[],"product_tag":[],"_links":{"self":[{"href":"https:\/\/centralgroup.africa\/index.php\/wp-json\/wp\/v2\/product\/7071"}],"collection":[{"href":"https:\/\/centralgroup.africa\/index.php\/wp-json\/wp\/v2\/product"}],"about":[{"href":"https:\/\/centralgroup.africa\/index.php\/wp-json\/wp\/v2\/types\/product"}],"replies":[{"embeddable":true,"href":"https:\/\/centralgroup.africa\/index.php\/wp-json\/wp\/v2\/comments?post=7071"}],"wp:featuredmedia":[{"embeddable":true,"href":"https:\/\/centralgroup.africa\/index.php\/wp-json\/wp\/v2\/media\/7072"}],"wp:attachment":[{"href":"https:\/\/centralgroup.africa\/index.php\/wp-json\/wp\/v2\/media?parent=7071"}],"wp:term":[{"taxonomy":"product_cat","embeddable":true,"href":"https:\/\/centralgroup.africa\/index.php\/wp-json\/wp\/v2\/product_cat?post=7071"},{"taxonomy":"product_tag","embeddable":true,"href":"https:\/\/centralgroup.africa\/index.php\/wp-json\/wp\/v2\/product_tag?post=7071"}],"curies":[{"name":"wp","href":"https:\/\/api.w.org\/{rel}","templated":true}]}}