{"id":6455,"date":"2023-06-08T03:23:24","date_gmt":"2023-06-08T03:23:24","guid":{"rendered":"https:\/\/centralgroup.africa\/?page_id=6455"},"modified":"2023-06-09T20:22:44","modified_gmt":"2023-06-09T20:22:44","slug":"actualites","status":"publish","type":"page","link":"https:\/\/centralgroup.africa\/index.php\/actualites\/","title":{"rendered":"Actualit\u00e9s"},"content":{"rendered":"\t\t<div data-elementor-type=\"wp-page\" data-elementor-id=\"6455\" class=\"elementor elementor-6455\">\n\t\t\t\t\t\t\t        <section class=\"elementor-section elementor-top-section elementor-element elementor-element-604a93f elementor-section-boxed elementor-section-height-default elementor-section-height-default\" data-id=\"604a93f\" data-element_type=\"section\">\n            \n                        <div class=\"elementor-container elementor-column-gap-default \">\n                    <div class=\"elementor-column elementor-col-100 elementor-top-column elementor-element elementor-element-66dbe04\" data-id=\"66dbe04\" data-element_type=\"column\">\n            <div class=\"elementor-widget-wrap elementor-element-populated\">\n                        \t\t<div class=\"elementor-element elementor-element-a3fe3ad elementor-widget elementor-widget-ct_blog_grid\" data-id=\"a3fe3ad\" data-element_type=\"widget\" data-widget_type=\"ct_blog_grid.default\">\n\t\t\t\t<div class=\"elementor-widget-container\">\n\t\t\t\r\n<div id=\"ct_blog_grid-a3fe3ad\" class=\"ct-grid ct-blog-grid ct-blog-grid-layout1\" data-layout=\"masonry\" data-start-page=\"1\" data-max-pages=\"1\" data-total=\"4\" data-perpage=\"4\" data-next-link=\"\">\r\n    <div class=\"ct-grid-overlay\"><\/div>\r\n    \r\n    <div class=\"ct-grid-inner ct-grid-masonry row animate-time\" data-gutter=\"15\">\r\n                    <div class=\"grid-sizer col-xl-6 col-lg-6 col-md-6 col-sm-6 col-12\"><\/div>\r\n                                <div class=\"grid-item col-xl-6 col-lg-6 col-md-6 col-sm-6 col-12 \">\r\n                    <div class=\"grid-item-inner \" data-wow-duration=\"1.2s\">\r\n                                                    <div class=\"item--featured image-effect-white\">\r\n                                <a href=\"https:\/\/centralgroup.africa\/index.php\/2020\/11\/10\/we-would-love-to-share-a-similar-experience\/\"><img decoding=\"async\" class=\"no-lazyload \" src=\"https:\/\/centralgroup.africa\/wp-content\/uploads\/2020\/11\/Art-370x300.jpeg\" width=\"370\" height=\"300\" alt=\"Art\" title=\"Art\" \/><\/a>\r\n                                                                    <div class=\"item--date ct-date-box\">\r\n                                        <div class=\"item--date-inner\">\r\n                                            <span>10<\/span>\r\n                                            <span>Nov, 20<\/span>\r\n                                        <\/div>\r\n                                    <\/div>\r\n                                                            <\/div>\r\n                                                <div class=\"item--body\">\r\n                                                            <ul class=\"item--meta ct-item-meta\">\r\n                                                                            <li class=\"item-author\">\r\n                                            <a href=\"https:\/\/centralgroup.africa\/index.php\/author\/xadeem\/\">xadeem<\/a>\r\n                                        <\/li>\r\n                                                                                                                <li class=\"item--category\">\r\n                                            <a href=\"https:\/\/centralgroup.africa\/index.php\/category\/consulting\/\" rel=\"tag\">Consulting<\/a>                                        <\/li>\r\n                                                                    <\/ul>\r\n                                                        <h3 class=\"item--title\"><a href=\"https:\/\/centralgroup.africa\/index.php\/2020\/11\/10\/we-would-love-to-share-a-similar-experience\/\">RETOUR DU BATEAU M\u00c9DICAL GLOBAL MERCY AU PORT DE DAKAR, LE PLUS GRAND NAVIRE-H\u00d4PITAL PRIV\u00c9 AU MONDE<\/a><\/h3>\r\n                                                            <div class=\"item--content\">\r\n                                    Ce grand navire d\u2019une longueur de 174 m\u00e8tres et 28,6 m\u00e8tres de large dispose de 12 ponts. Il est \u00e9quip\u00e9 de 6 quartiers op\u00e9ratoires \u00e0&hellip;                                <\/div>\r\n                                                                                        <div class=\"item--readmore\">\r\n                                    <a class=\"btn-line-text\" href=\"https:\/\/centralgroup.africa\/index.php\/2020\/11\/10\/we-would-love-to-share-a-similar-experience\/\">\r\n                                        <span>Read more<\/span>\r\n                                        <i>+<\/i>\r\n                                    <\/a>\r\n                                <\/div>\r\n                                                    <\/div>\r\n                    <\/div>\r\n                <\/div>\r\n                            <div class=\"grid-item col-xl-6 col-lg-6 col-md-6 col-sm-6 col-12 \">\r\n                    <div class=\"grid-item-inner \" data-wow-duration=\"1.2s\">\r\n                                                    <div class=\"item--featured image-effect-white\">\r\n                                <a href=\"https:\/\/centralgroup.africa\/index.php\/2020\/11\/06\/we-glad-to-discuss-your-organisations-situation\/\"><img decoding=\"async\" class=\"no-lazyload \" src=\"https:\/\/centralgroup.africa\/wp-content\/uploads\/2020\/11\/art_1-370x300.jpeg\" width=\"370\" height=\"300\" alt=\"art_1\" title=\"art_1\" \/><\/a>\r\n                                                                    <div class=\"item--date ct-date-box\">\r\n                                        <div class=\"item--date-inner\">\r\n                                            <span>06<\/span>\r\n                                            <span>Nov, 20<\/span>\r\n                                        <\/div>\r\n                                    <\/div>\r\n                                                            <\/div>\r\n                                                <div class=\"item--body\">\r\n                                                            <ul class=\"item--meta ct-item-meta\">\r\n                                                                            <li class=\"item-author\">\r\n                                            <a href=\"https:\/\/centralgroup.africa\/index.php\/author\/xadeem\/\">xadeem<\/a>\r\n                                        <\/li>\r\n                                                                                                                <li class=\"item--category\">\r\n                                            <a href=\"https:\/\/centralgroup.africa\/index.php\/category\/hr-consulting\/\" rel=\"tag\">HR Consulting<\/a>                                        <\/li>\r\n                                                                    <\/ul>\r\n                                                        <h3 class=\"item--title\"><a href=\"https:\/\/centralgroup.africa\/index.php\/2020\/11\/06\/we-glad-to-discuss-your-organisations-situation\/\">C\u00c9R\u00c9MONIE DE REMISE DES ATTESTATIONS DE FORMATION DES DOCKERS<\/a><\/h3>\r\n                                                            <div class=\"item--content\">\r\n                                    La c\u00e9r\u00e9monie de remise des attestations de formation des dockers s\u2019est tenue le mercredi 01 f\u00e9vrier 2023 au grand th\u00e9\u00e2tre, sous la pr\u00e9sence effective de&hellip;                                <\/div>\r\n                                                                                        <div class=\"item--readmore\">\r\n                                    <a class=\"btn-line-text\" href=\"https:\/\/centralgroup.africa\/index.php\/2020\/11\/06\/we-glad-to-discuss-your-organisations-situation\/\">\r\n                                        <span>Read more<\/span>\r\n                                        <i>+<\/i>\r\n                                    <\/a>\r\n                                <\/div>\r\n                                                    <\/div>\r\n                    <\/div>\r\n                <\/div>\r\n                            <div class=\"grid-item col-xl-6 col-lg-6 col-md-6 col-sm-6 col-12 \">\r\n                    <div class=\"grid-item-inner \" data-wow-duration=\"1.2s\">\r\n                                                    <div class=\"item--featured image-effect-white\">\r\n                                <a href=\"https:\/\/centralgroup.africa\/index.php\/2020\/10\/20\/in-this-context-our-main-approach-was-to-build\/\"><img decoding=\"async\" class=\"no-lazyload \" src=\"https:\/\/centralgroup.africa\/wp-content\/uploads\/2020\/10\/art3-370x300.jpeg\" width=\"370\" height=\"300\" alt=\"art3\" title=\"art3\" \/><\/a>\r\n                                                                    <div class=\"item--date ct-date-box\">\r\n                                        <div class=\"item--date-inner\">\r\n                                            <span>20<\/span>\r\n                                            <span>Oct, 20<\/span>\r\n                                        <\/div>\r\n                                    <\/div>\r\n                                                            <\/div>\r\n                                                <div class=\"item--body\">\r\n                                                            <ul class=\"item--meta ct-item-meta\">\r\n                                                                            <li class=\"item-author\">\r\n                                            <a href=\"https:\/\/centralgroup.africa\/index.php\/author\/xadeem\/\">xadeem<\/a>\r\n                                        <\/li>\r\n                                                                                                                <li class=\"item--category\">\r\n                                            <a href=\"https:\/\/centralgroup.africa\/index.php\/category\/consulting\/\" rel=\"tag\">Consulting<\/a>                                        <\/li>\r\n                                                                    <\/ul>\r\n                                                        <h3 class=\"item--title\"><a href=\"https:\/\/centralgroup.africa\/index.php\/2020\/10\/20\/in-this-context-our-main-approach-was-to-build\/\">VISITE DU MINISTRE BRITANNIQUE CHARG\u00c9 DU D\u00c9VELOPPEMENT ET DE L\u2019AFRIQUE<\/a><\/h3>\r\n                                                            <div class=\"item--content\">\r\n                                    Le ministre britannique charg\u00e9 du d\u00e9veloppement et de l\u2019Afrique, M.Andrew Mitchell, a visit\u00e9 le Terminal de Concession de DPW au Port Autonome de Dakar, accompagn\u00e9&hellip;                                <\/div>\r\n                                                                                        <div class=\"item--readmore\">\r\n                                    <a class=\"btn-line-text\" href=\"https:\/\/centralgroup.africa\/index.php\/2020\/10\/20\/in-this-context-our-main-approach-was-to-build\/\">\r\n                                        <span>Read more<\/span>\r\n                                        <i>+<\/i>\r\n                                    <\/a>\r\n                                <\/div>\r\n                                                    <\/div>\r\n                    <\/div>\r\n                <\/div>\r\n                            <div class=\"grid-item col-xl-6 col-lg-6 col-md-6 col-sm-6 col-12 \">\r\n                    <div class=\"grid-item-inner \" data-wow-duration=\"1.2s\">\r\n                                                    <div class=\"item--featured image-effect-white\">\r\n                                <a href=\"https:\/\/centralgroup.africa\/index.php\/2020\/10\/06\/you-can-use-it-for-any-kind-website-like\/\"><img decoding=\"async\" class=\"no-lazyload \" src=\"https:\/\/centralgroup.africa\/wp-content\/uploads\/2020\/10\/delegation_ministre_transport3-370x300.jpeg\" width=\"370\" height=\"300\" alt=\"delegation_ministre_transport3\" title=\"delegation_ministre_transport3\" \/><\/a>\r\n                                                                    <div class=\"item--date ct-date-box\">\r\n                                        <div class=\"item--date-inner\">\r\n                                            <span>06<\/span>\r\n                                            <span>Oct, 20<\/span>\r\n                                        <\/div>\r\n                                    <\/div>\r\n                                                            <\/div>\r\n                                                <div class=\"item--body\">\r\n                                                            <ul class=\"item--meta ct-item-meta\">\r\n                                                                            <li class=\"item-author\">\r\n                                            <a href=\"https:\/\/centralgroup.africa\/index.php\/author\/xadeem\/\">xadeem<\/a>\r\n                                        <\/li>\r\n                                                                                                                <li class=\"item--category\">\r\n                                            <a href=\"https:\/\/centralgroup.africa\/index.php\/category\/investment-policy\/\" rel=\"tag\">Investment Policy<\/a>                                        <\/li>\r\n                                                                    <\/ul>\r\n                                                        <h3 class=\"item--title\"><a href=\"https:\/\/centralgroup.africa\/index.php\/2020\/10\/06\/you-can-use-it-for-any-kind-website-like\/\">RENFORCEMENT DE LA COOP\u00c9RATION S\u00c9N\u00c9GALO-MALIENNE<\/a><\/h3>\r\n                                                            <div class=\"item--content\">\r\n                                    Mme Dembele Madina SISSOKHO Ministre des Transports a visit\u00e9 le Port Autonome de Dakar, dans le cadre du renforcement de la coop\u00e9ration S\u00e9n\u00e9galo-Malienne, pour la&hellip;                                <\/div>\r\n                                                                                        <div class=\"item--readmore\">\r\n                                    <a class=\"btn-line-text\" href=\"https:\/\/centralgroup.africa\/index.php\/2020\/10\/06\/you-can-use-it-for-any-kind-website-like\/\">\r\n                                        <span>Read more<\/span>\r\n                                        <i>+<\/i>\r\n                                    <\/a>\r\n                                <\/div>\r\n                                                    <\/div>\r\n                    <\/div>\r\n                <\/div>\r\n                <\/div>\r\n        <\/div>\t\t<\/div>\n\t\t\t\t<\/div>\n\t\t            <\/div>\n        <\/div>\n                            <\/div>\n        <\/section>\n        \t\t\t\t\t<\/div>\n\t\t","protected":false},"excerpt":{"rendered":"<p>10 Nov, 20 xadeem Consulting RETOUR DU BATEAU M\u00c9DICAL GLOBAL MERCY AU PORT DE DAKAR, LE PLUS GRAND NAVIRE-H\u00d4PITAL PRIV\u00c9 AU MONDE Ce grand navire d\u2019une longueur de 174 m\u00e8tres et 28,6 m\u00e8tres de large dispose de 12 ponts. Il est \u00e9quip\u00e9 de 6 quartiers op\u00e9ratoires \u00e0&hellip; Read more + 06 Nov, 20 xadeem HR [&hellip;]<\/p>\n","protected":false},"author":1,"featured_media":0,"parent":0,"menu_order":0,"comment_status":"closed","ping_status":"closed","template":"","meta":[],"_links":{"self":[{"href":"https:\/\/centralgroup.africa\/index.php\/wp-json\/wp\/v2\/pages\/6455"}],"collection":[{"href":"https:\/\/centralgroup.africa\/index.php\/wp-json\/wp\/v2\/pages"}],"about":[{"href":"https:\/\/centralgroup.africa\/index.php\/wp-json\/wp\/v2\/types\/page"}],"author":[{"embeddable":true,"href":"https:\/\/centralgroup.africa\/index.php\/wp-json\/wp\/v2\/users\/1"}],"replies":[{"embeddable":true,"href":"https:\/\/centralgroup.africa\/index.php\/wp-json\/wp\/v2\/comments?post=6455"}],"version-history":[{"count":4,"href":"https:\/\/centralgroup.africa\/index.php\/wp-json\/wp\/v2\/pages\/6455\/revisions"}],"predecessor-version":[{"id":6904,"href":"https:\/\/centralgroup.africa\/index.php\/wp-json\/wp\/v2\/pages\/6455\/revisions\/6904"}],"wp:attachment":[{"href":"https:\/\/centralgroup.africa\/index.php\/wp-json\/wp\/v2\/media?parent=6455"}],"curies":[{"name":"wp","href":"https:\/\/api.w.org\/{rel}","templated":true}]}}