{"id":6452,"date":"2023-06-08T03:22:36","date_gmt":"2023-06-08T03:22:36","guid":{"rendered":"https:\/\/centralgroup.africa\/?page_id=6452"},"modified":"2023-06-09T20:11:57","modified_gmt":"2023-06-09T20:11:57","slug":"documentheque","status":"publish","type":"page","link":"https:\/\/centralgroup.africa\/index.php\/documentheque\/","title":{"rendered":"Documenth\u00e8que"},"content":{"rendered":"\t\t<div data-elementor-type=\"wp-page\" data-elementor-id=\"6452\" class=\"elementor elementor-6452\">\n\t\t\t\t\t\t\t        <section class=\"elementor-section elementor-top-section elementor-element elementor-element-1105281 elementor-section-boxed elementor-section-height-default elementor-section-height-default\" data-id=\"1105281\" data-element_type=\"section\">\n            \n                        <div class=\"elementor-container elementor-column-gap-default \">\n                    <div class=\"elementor-column elementor-col-100 elementor-top-column elementor-element elementor-element-fb0dae6\" data-id=\"fb0dae6\" data-element_type=\"column\">\n            <div class=\"elementor-widget-wrap elementor-element-populated\">\n                        \t\t<div class=\"elementor-element elementor-element-c986e67 elementor-widget elementor-widget-ct_download\" data-id=\"c986e67\" data-element_type=\"widget\" data-widget_type=\"ct_download.default\">\n\t\t\t\t<div class=\"elementor-widget-container\">\n\t\t\t    <div class=\"ct-download bg-image\" >\r\n                            <div class=\"item--download\">\r\n                <a href=\"https:\/\/www.portdakar.sn\/sites\/default\/files\/uemoa_directive_controle_marches_publics.pdf\">\r\n                    <span>DIRECTIVE N\u00b005\/2005\/CM\/UEMOA PORTANT CONTR\u00d4LE ET R\u00c9GULATION DES MARCHES PUBLICS ET DES D\u00c9L\u00c9GATIONS DE SERVICE PUBLIC DANS L\u2019UNION \u00c9CONOMIQUE ET MON\u00c9TAIRE OUEST AFRICAINE<\/span>\r\n                    <i aria-hidden=\"true\" class=\"fas fa-file-pdf\"><\/i>                                \t<\/a>\r\n           <\/div>\r\n                    <div class=\"item--download\">\r\n                <a href=\"https:\/\/www.portdakar.sn\/sites\/default\/files\/uemoa_-_reglement_2008_transport_maritime_.pdf\">\r\n                    <span>R\u00e8glement n\u00b002\/2008\/CM\/UEMOA relatif au transport maritime<\/span>\r\n                    <i aria-hidden=\"true\" class=\"fas fa-file-pdf\"><\/i>                                \t<\/a>\r\n           <\/div>\r\n                    <div class=\"item--download\">\r\n                <a href=\"https:\/\/www.portdakar.sn\/sites\/default\/files\/uemoa_-_reglement_2008_securite_surete_maritime.pdf\">\r\n                    <span>R\u00e8glement N\u00b0 04\/2008\/CM\/UEMOA relatif \u00e0 la s\u00e9curit\u00e9 et \u00e0 la suret\u00e9 maritimes au sein de l\u2019UEMOA<\/span>\r\n                    <i aria-hidden=\"true\" class=\"fas fa-file-pdf\"><\/i>                                \t<\/a>\r\n           <\/div>\r\n                    <div class=\"item--download\">\r\n                <a href=\"https:\/\/www.portdakar.sn\/sites\/default\/files\/uemoa_-_reglement_2008_conditions_exercice_professions_intermediaires_transport_maritime_0.pdf\">\r\n                    <span>R\u00e8glement N\u00b0 03\/2008\/CM\/UEMOA relatif aux conditions d\u2019exercice des professions d\u2019interm\u00e9diaires de transport maritime au sein de l\u2019UEMOA<\/span>\r\n                    <i aria-hidden=\"true\" class=\"fas fa-file-pdf\"><\/i>                                \t<\/a>\r\n           <\/div>\r\n                    <div class=\"item--download\">\r\n                <a href=\"https:\/\/www.portdakar.sn\/sites\/default\/files\/uemoa_-_pratiques_commerciales_anticoncurrentielles.pdf\">\r\n                    <span>R\u00e8glement n\u00b0 02\/2002\/CM\/UEMOA sur les pratiques commerciales anticoncurrentielles<\/span>\r\n                    <i aria-hidden=\"true\" class=\"fas fa-file-pdf\"><\/i>                                \t<\/a>\r\n           <\/div>\r\n                    <div class=\"item--download\">\r\n                <a href=\"https:\/\/www.portdakar.sn\/sites\/default\/files\/reglement_14_2005_cm_uemoa.pdf\">\r\n                    <span>R\u00e8glement N\u00b014\/2005\/CM\/UEMOA relatif \u00e0 l\u2019harmonisation des normes et des proc\u00e9dures du contr\u00f4le du gabarit, du poids, et de la charge \u00e0 l\u2019essieu des v\u00e9hicules lourds de transport de marchandises dans les \u00e9tats membres de l\u2019union \u00e9conomique et mon\u00e9taire<\/span>\r\n                    <i aria-hidden=\"true\" class=\"fas fa-file-pdf\"><\/i>                                \t<\/a>\r\n           <\/div>\r\n                    <div class=\"item--download\">\r\n                <a href=\"https:\/\/www.portdakar.sn\/sites\/default\/files\/directive_02_2008_cm_uemoa.pdf\">\r\n                    <span>Directive N\u00b0 02\/2008\/CM\/UEMOA relative \u00e0 la recherche et au sauvetage en mer et \u00e0 la protection de l'environnement marin au sein de l\u2019UEMOA<\/span>\r\n                    <i aria-hidden=\"true\" class=\"fas fa-file-pdf\"><\/i>                                \t<\/a>\r\n           <\/div>\r\n                    <div class=\"item--download\">\r\n                <a href=\"https:\/\/www.portdakar.sn\/sites\/default\/files\/uemoa_-_reglement_2008_conditions_exercice_professions_intermediaires_transport_maritime.pdf\">\r\n                    <span>R\u00e8glement n\u00b0 03\/2008\/cm\/UEMOA du 28 Mars 2008 relatif aux conditions d\u2019exercice des professions d\u2019interm\u00e9diaires de transport maritime au sein de l\u2019UEMOA.<\/span>\r\n                    <i aria-hidden=\"true\" class=\"fas fa-file-pdf\"><\/i>                                \t<\/a>\r\n           <\/div>\r\n                    <div class=\"item--download\">\r\n                <a href=\"https:\/\/www.portdakar.sn\/sites\/default\/files\/texte-colreg.pdf\">\r\n                    <span>R\u00e8glement international pour pr\u00e9venir les abordages en mer de 1972<\/span>\r\n                    <i aria-hidden=\"true\" class=\"fas fa-file-pdf\"><\/i>                                \t<\/a>\r\n           <\/div>\r\n                    <div class=\"item--download\">\r\n                <a href=\"https:\/\/www.portdakar.sn\/sites\/default\/files\/solas2.pdf\">\r\n                    <span>Convention SOLAS de 1974<\/span>\r\n                    <i aria-hidden=\"true\" class=\"fas fa-file-pdf\"><\/i>                                \t<\/a>\r\n           <\/div>\r\n                    <div class=\"item--download\">\r\n                <a href=\"https:\/\/www.portdakar.sn\/sites\/default\/files\/convention_de_marpol.pdf\">\r\n                    <span>CONVENTION DE MARPOL DE 1973<\/span>\r\n                    <i aria-hidden=\"true\" class=\"fas fa-file-pdf\"><\/i>                                \t<\/a>\r\n           <\/div>\r\n                    <div class=\"item--download\">\r\n                <a href=\"https:\/\/www.portdakar.sn\/sites\/default\/files\/code_isps_2012.pdf\">\r\n                    <span>Code ISPS \u00e9dition 2012<\/span>\r\n                    <i aria-hidden=\"true\" class=\"fas fa-file-pdf\"><\/i>                                \t<\/a>\r\n           <\/div>\r\n            <\/div>\r\n\t\t<\/div>\n\t\t\t\t<\/div>\n\t\t            <\/div>\n        <\/div>\n                            <\/div>\n        <\/section>\n        \t\t\t\t\t<\/div>\n\t\t","protected":false},"excerpt":{"rendered":"<p>DIRECTIVE N\u00b005\/2005\/CM\/UEMOA PORTANT CONTR\u00d4LE ET R\u00c9GULATION DES MARCHES PUBLICS ET DES D\u00c9L\u00c9GATIONS DE SERVICE PUBLIC DANS L\u2019UNION \u00c9CONOMIQUE ET MON\u00c9TAIRE OUEST AFRICAINE R\u00e8glement n\u00b002\/2008\/CM\/UEMOA relatif au transport maritime R\u00e8glement N\u00b0 04\/2008\/CM\/UEMOA relatif \u00e0 la s\u00e9curit\u00e9 et \u00e0 la suret\u00e9 maritimes au sein de l\u2019UEMOA R\u00e8glement N\u00b0 03\/2008\/CM\/UEMOA relatif aux conditions d\u2019exercice des professions d\u2019interm\u00e9diaires de [&hellip;]<\/p>\n","protected":false},"author":1,"featured_media":0,"parent":0,"menu_order":0,"comment_status":"closed","ping_status":"closed","template":"","meta":[],"_links":{"self":[{"href":"https:\/\/centralgroup.africa\/index.php\/wp-json\/wp\/v2\/pages\/6452"}],"collection":[{"href":"https:\/\/centralgroup.africa\/index.php\/wp-json\/wp\/v2\/pages"}],"about":[{"href":"https:\/\/centralgroup.africa\/index.php\/wp-json\/wp\/v2\/types\/page"}],"author":[{"embeddable":true,"href":"https:\/\/centralgroup.africa\/index.php\/wp-json\/wp\/v2\/users\/1"}],"replies":[{"embeddable":true,"href":"https:\/\/centralgroup.africa\/index.php\/wp-json\/wp\/v2\/comments?post=6452"}],"version-history":[{"count":13,"href":"https:\/\/centralgroup.africa\/index.php\/wp-json\/wp\/v2\/pages\/6452\/revisions"}],"predecessor-version":[{"id":6891,"href":"https:\/\/centralgroup.africa\/index.php\/wp-json\/wp\/v2\/pages\/6452\/revisions\/6891"}],"wp:attachment":[{"href":"https:\/\/centralgroup.africa\/index.php\/wp-json\/wp\/v2\/media?parent=6452"}],"curies":[{"name":"wp","href":"https:\/\/api.w.org\/{rel}","templated":true}]}}