{"id":6449,"date":"2023-06-08T03:19:53","date_gmt":"2023-06-08T03:19:53","guid":{"rendered":"https:\/\/centralgroup.africa\/?page_id=6449"},"modified":"2023-06-18T16:59:24","modified_gmt":"2023-06-18T16:59:24","slug":"nous-decouvrir","status":"publish","type":"page","link":"https:\/\/centralgroup.africa\/index.php\/nous-decouvrir\/","title":{"rendered":"Nous D\u00e9couvrir"},"content":{"rendered":"\t\t<div data-elementor-type=\"wp-page\" data-elementor-id=\"6449\" class=\"elementor elementor-6449\">\n\t\t\t\t\t\t\t        <section class=\"elementor-section elementor-top-section elementor-element elementor-element-293633c elementor-section-boxed elementor-section-height-default elementor-section-height-default\" data-id=\"293633c\" data-element_type=\"section\">\n            \n                        <div class=\"elementor-container elementor-column-gap-default \">\n                    <div class=\"elementor-column elementor-col-100 elementor-top-column elementor-element elementor-element-8e7e211\" data-id=\"8e7e211\" data-element_type=\"column\">\n            <div class=\"elementor-widget-wrap elementor-element-populated\">\n                        \t\t<div class=\"elementor-element elementor-element-b9a85b8 elementor-widget elementor-widget-heading\" data-id=\"b9a85b8\" data-element_type=\"widget\" data-widget_type=\"heading.default\">\n\t\t\t\t<div class=\"elementor-widget-container\">\n\t\t\t<style>\/*! elementor - v3.13.3 - 28-05-2023 *\/\n.elementor-heading-title{padding:0;margin:0;line-height:1}.elementor-widget-heading .elementor-heading-title[class*=elementor-size-]>a{color:inherit;font-size:inherit;line-height:inherit}.elementor-widget-heading .elementor-heading-title.elementor-size-small{font-size:15px}.elementor-widget-heading .elementor-heading-title.elementor-size-medium{font-size:19px}.elementor-widget-heading .elementor-heading-title.elementor-size-large{font-size:29px}.elementor-widget-heading .elementor-heading-title.elementor-size-xl{font-size:39px}.elementor-widget-heading .elementor-heading-title.elementor-size-xxl{font-size:59px}<\/style><h2 class=\"elementor-heading-title elementor-size-default\">POSITION G\u00c9OGRAPHIQUE<\/h2>\t\t<\/div>\n\t\t\t\t<\/div>\n\t\t\t\t<div class=\"elementor-element elementor-element-b4d5958 elementor-widget elementor-widget-spacer\" data-id=\"b4d5958\" data-element_type=\"widget\" data-widget_type=\"spacer.default\">\n\t\t\t\t<div class=\"elementor-widget-container\">\n\t\t\t<style>\/*! elementor - v3.13.3 - 28-05-2023 *\/\n.elementor-column .elementor-spacer-inner{height:var(--spacer-size)}.e-con{--container-widget-width:100%}.e-con-inner>.elementor-widget-spacer,.e-con>.elementor-widget-spacer{width:var(--container-widget-width,var(--spacer-size));--align-self:var(--container-widget-align-self,initial);--flex-shrink:0}.e-con-inner>.elementor-widget-spacer>.elementor-widget-container,.e-con-inner>.elementor-widget-spacer>.elementor-widget-container>.elementor-spacer,.e-con>.elementor-widget-spacer>.elementor-widget-container,.e-con>.elementor-widget-spacer>.elementor-widget-container>.elementor-spacer{height:100%}.e-con-inner>.elementor-widget-spacer>.elementor-widget-container>.elementor-spacer>.elementor-spacer-inner,.e-con>.elementor-widget-spacer>.elementor-widget-container>.elementor-spacer>.elementor-spacer-inner{height:var(--container-widget-height,var(--spacer-size))}<\/style>\t\t<div class=\"elementor-spacer\">\n\t\t\t<div class=\"elementor-spacer-inner\"><\/div>\n\t\t<\/div>\n\t\t\t\t<\/div>\n\t\t\t\t<\/div>\n\t\t\t\t<div class=\"elementor-element elementor-element-69353c4 elementor-widget elementor-widget-image\" data-id=\"69353c4\" data-element_type=\"widget\" data-widget_type=\"image.default\">\n\t\t\t\t<div class=\"elementor-widget-container\">\n\t\t\t<style>\/*! elementor - v3.13.3 - 28-05-2023 *\/\n.elementor-widget-image{text-align:center}.elementor-widget-image a{display:inline-block}.elementor-widget-image a img[src$=\".svg\"]{width:48px}.elementor-widget-image img{vertical-align:middle;display:inline-block}<\/style>\t\t\t\t\t\t\t\t\t\t\t\t<img decoding=\"async\" width=\"982\" height=\"576\" src=\"https:\/\/centralgroup.africa\/wp-content\/uploads\/2023\/06\/mapppad.jpeg\" class=\"attachment-full size-full wp-image-6876\" alt=\"\" srcset=\"https:\/\/centralgroup.africa\/wp-content\/uploads\/2023\/06\/mapppad.jpeg 982w, https:\/\/centralgroup.africa\/wp-content\/uploads\/2023\/06\/mapppad-300x176.jpeg 300w, https:\/\/centralgroup.africa\/wp-content\/uploads\/2023\/06\/mapppad-768x450.jpeg 768w, https:\/\/centralgroup.africa\/wp-content\/uploads\/2023\/06\/mapppad-600x352.jpeg 600w\" sizes=\"(max-width: 982px) 100vw, 982px\" \/>\t\t\t\t\t\t\t\t\t\t\t\t\t\t\t<\/div>\n\t\t\t\t<\/div>\n\t\t\t\t<div class=\"elementor-element elementor-element-4a26bd2 elementor-widget elementor-widget-spacer\" data-id=\"4a26bd2\" data-element_type=\"widget\" data-widget_type=\"spacer.default\">\n\t\t\t\t<div class=\"elementor-widget-container\">\n\t\t\t\t\t<div class=\"elementor-spacer\">\n\t\t\t<div class=\"elementor-spacer-inner\"><\/div>\n\t\t<\/div>\n\t\t\t\t<\/div>\n\t\t\t\t<\/div>\n\t\t        <section class=\"elementor-section elementor-inner-section elementor-element elementor-element-a31912d elementor-section-boxed elementor-section-height-default elementor-section-height-default\" data-id=\"a31912d\" data-element_type=\"section\">\n            \n                        <div class=\"elementor-container elementor-column-gap-default \">\n                    <div class=\"elementor-column elementor-col-50 elementor-inner-column elementor-element elementor-element-3de4890\" data-id=\"3de4890\" data-element_type=\"column\">\n            <div class=\"elementor-widget-wrap elementor-element-populated\">\n                        \t\t<div class=\"elementor-element elementor-element-d341153 elementor-widget elementor-widget-image\" data-id=\"d341153\" data-element_type=\"widget\" data-widget_type=\"image.default\">\n\t\t\t\t<div class=\"elementor-widget-container\">\n\t\t\t\t\t\t\t\t\t\t\t\t\t\t\t<img decoding=\"async\" width=\"765\" height=\"398\" src=\"https:\/\/centralgroup.africa\/wp-content\/uploads\/2023\/06\/dicover2.jpg\" class=\"attachment-full size-full wp-image-7039\" alt=\"\" srcset=\"https:\/\/centralgroup.africa\/wp-content\/uploads\/2023\/06\/dicover2.jpg 765w, https:\/\/centralgroup.africa\/wp-content\/uploads\/2023\/06\/dicover2-300x156.jpg 300w, https:\/\/centralgroup.africa\/wp-content\/uploads\/2023\/06\/dicover2-600x312.jpg 600w\" sizes=\"(max-width: 765px) 100vw, 765px\" \/>\t\t\t\t\t\t\t\t\t\t\t\t\t\t\t<\/div>\n\t\t\t\t<\/div>\n\t\t            <\/div>\n        <\/div>\n                <div class=\"elementor-column elementor-col-50 elementor-inner-column elementor-element elementor-element-aa68809\" data-id=\"aa68809\" data-element_type=\"column\">\n            <div class=\"elementor-widget-wrap elementor-element-populated\">\n                        \t\t<div class=\"elementor-element elementor-element-1e841f3 elementor-widget elementor-widget-text-editor\" data-id=\"1e841f3\" data-element_type=\"widget\" data-widget_type=\"text-editor.default\">\n\t\t\t\t<div class=\"elementor-widget-container\">\n\t\t\t<style>\/*! elementor - v3.13.3 - 28-05-2023 *\/\n.elementor-widget-text-editor.elementor-drop-cap-view-stacked .elementor-drop-cap{background-color:#69727d;color:#fff}.elementor-widget-text-editor.elementor-drop-cap-view-framed .elementor-drop-cap{color:#69727d;border:3px solid;background-color:transparent}.elementor-widget-text-editor:not(.elementor-drop-cap-view-default) .elementor-drop-cap{margin-top:8px}.elementor-widget-text-editor:not(.elementor-drop-cap-view-default) .elementor-drop-cap-letter{width:1em;height:1em}.elementor-widget-text-editor .elementor-drop-cap{float:left;text-align:center;line-height:1;font-size:50px}.elementor-widget-text-editor .elementor-drop-cap-letter{display:inline-block}<\/style>\t\t\t\t<p class=\"rtejustify\" style=\"margin: 0cm 0cm 11.25pt; font-size: 12pt; font-family: 'Times New Roman', serif; color: #000000; text-align: justify; background-image: initial; background-position: initial; background-size: initial; background-repeat: initial; background-attachment: initial; background-origin: initial; background-clip: initial;\"><span lang=\"FR\" style=\"font-size: 11pt; font-family: Arial, sans-serif; color: #353535;\">Aujourd\u2019hui le continent Africain est un p\u00f4le mondial du commerce et de l\u2019\u00e9conomie futur, attirant les plus grands armateurs dans le lancement d\u2019initiatives, l\u2019exploration des d\u00e9fis li\u00e9s au futur et \u00e0 la cr\u00e9ation de nouvelles opportunit\u00e9s pour un d\u00e9veloppement durable.<\/span><\/p><p class=\"rtejustify\" style=\"margin: 0cm 0cm 11.25pt; font-size: 12pt; font-family: 'Times New Roman', serif; color: #000000; text-align: justify; background-image: initial; background-position: initial; background-size: initial; background-repeat: initial; background-attachment: initial; background-origin: initial; background-clip: initial;\"><span lang=\"FR\" style=\"font-size: 11pt; font-family: Arial, sans-serif; color: #353535;\">Situ\u00e9 \u00e0 l\u2019intersection des lignes maritimes reliant l\u2019Europe \u00e0 l\u2019Am\u00e9rique du Sud, l\u2019Am\u00e9rique du Nord \u00e0 l\u2019Afrique du Sud, les ports d\u2019Afrique de l\u2019Ouest et du Centre, b\u00e9n\u00e9ficient d\u2019une position g\u00e9ographique exceptionnelle. Celle-ci fait de nos m\u00e9tropoles le march\u00e9 outsider des pays du Nord.<\/span><\/p><p class=\"rtejustify\" style=\"margin: 0cm 0cm 11.25pt; font-size: 12pt; font-family: 'Times New Roman', serif; color: #000000; text-align: justify; background-image: initial; background-position: initial; background-size: initial; background-repeat: initial; background-attachment: initial; background-origin: initial; background-clip: initial;\"><span lang=\"FR\" style=\"font-size: 11pt; font-family: Arial, sans-serif; color: #353535;\">Central consulting tisse <b>un partenariat avec les ports d\u2019Afrique<\/b> pour organiser les liaisons et \u00e9largir les corridors entre les diff\u00e9rents op\u00e9rateurs.<\/span><\/p>\t\t\t\t\t\t<\/div>\n\t\t\t\t<\/div>\n\t\t            <\/div>\n        <\/div>\n                            <\/div>\n        <\/section>\n        \t\t<div class=\"elementor-element elementor-element-8562d4d elementor-widget elementor-widget-text-editor\" data-id=\"8562d4d\" data-element_type=\"widget\" data-widget_type=\"text-editor.default\">\n\t\t\t\t<div class=\"elementor-widget-container\">\n\t\t\t\t\t\t\t<p class=\"rtejustify\" style=\"margin: 0cm 0cm 11.25pt; font-size: 12pt; font-family: 'Times New Roman', serif; color: #000000; text-align: justify; background-image: initial; background-position: initial; background-size: initial; background-repeat: initial; background-attachment: initial; background-origin: initial; background-clip: initial;\"><span style=\"color: rgb(53, 53, 53); font-family: Arial, sans-serif; font-size: 11pt; font-weight: inherit; letter-spacing: 0px;\">Central Consulting veut devenir un <\/span><b style=\"color: rgb(53, 53, 53); font-family: Arial, sans-serif; font-size: 11pt; letter-spacing: 0px;\">int\u00e9grateur continental,<\/b><span style=\"color: rgb(53, 53, 53); font-family: Arial, sans-serif; font-size: 11pt; font-weight: inherit; letter-spacing: 0px;\"> en offrant des solutions logistiques qui connectent, prot\u00e8gent et simplifient les cha\u00eenes d\u2019approvisionnement de se clients.<\/span><br><\/p>\n<p class=\"rtejustify\" style=\"margin: 0cm 0cm 11.25pt; font-size: 12pt; font-family: 'Times New Roman', serif; color: #000000; text-align: justify; background-image: initial; background-position: initial; background-size: initial; background-repeat: initial; background-attachment: initial; background-origin: initial; background-clip: initial;\"><b><span lang=\"FR\" style=\"font-size: 11pt; font-family: Arial, sans-serif; color: #353535;\">Nos valeurs <\/span><\/b><span lang=\"FR\" style=\"font-size: 11pt; font-family: Arial, sans-serif; color: #353535;\">nous inspirent \u00e0 faire mieux gr\u00e2ce \u00e0 une strat\u00e9gie de diversification de l\u2019\u00e9conomie, mais aussi un programme d\u2019innovations et des initiatives ax\u00e9e sur le d\u00e9veloppement socio- \u00e9conomique.<\/span><\/p>\n<p class=\"rtejustify\" style=\"margin: 0cm 0cm 11.25pt; font-size: 12pt; font-family: 'Times New Roman', serif; color: #000000; text-align: justify; background-image: initial; background-position: initial; background-size: initial; background-repeat: initial; background-attachment: initial; background-origin: initial; background-clip: initial;\"><span lang=\"FR\" style=\"font-size: 11pt; font-family: Arial, sans-serif; color: #353535;\">Notre <b>culture diversifi\u00e9e<\/b> est le catalyseur de notre transformation.<\/span><\/p>\t\t\t\t\t\t<\/div>\n\t\t\t\t<\/div>\n\t\t            <\/div>\n        <\/div>\n                            <\/div>\n        <\/section>\n        \t\t\t\t\t<\/div>\n\t\t","protected":false},"excerpt":{"rendered":"<p>POSITION G\u00c9OGRAPHIQUE Aujourd\u2019hui le continent Africain est un p\u00f4le mondial du commerce et de l\u2019\u00e9conomie futur, attirant les plus grands armateurs dans le lancement d\u2019initiatives, l\u2019exploration des d\u00e9fis li\u00e9s au futur et \u00e0 la cr\u00e9ation de nouvelles opportunit\u00e9s pour un d\u00e9veloppement durable. Situ\u00e9 \u00e0 l\u2019intersection des lignes maritimes reliant l\u2019Europe \u00e0 l\u2019Am\u00e9rique du Sud, l\u2019Am\u00e9rique [&hellip;]<\/p>\n","protected":false},"author":1,"featured_media":0,"parent":0,"menu_order":0,"comment_status":"closed","ping_status":"closed","template":"","meta":[],"_links":{"self":[{"href":"https:\/\/centralgroup.africa\/index.php\/wp-json\/wp\/v2\/pages\/6449"}],"collection":[{"href":"https:\/\/centralgroup.africa\/index.php\/wp-json\/wp\/v2\/pages"}],"about":[{"href":"https:\/\/centralgroup.africa\/index.php\/wp-json\/wp\/v2\/types\/page"}],"author":[{"embeddable":true,"href":"https:\/\/centralgroup.africa\/index.php\/wp-json\/wp\/v2\/users\/1"}],"replies":[{"embeddable":true,"href":"https:\/\/centralgroup.africa\/index.php\/wp-json\/wp\/v2\/comments?post=6449"}],"version-history":[{"count":10,"href":"https:\/\/centralgroup.africa\/index.php\/wp-json\/wp\/v2\/pages\/6449\/revisions"}],"predecessor-version":[{"id":7043,"href":"https:\/\/centralgroup.africa\/index.php\/wp-json\/wp\/v2\/pages\/6449\/revisions\/7043"}],"wp:attachment":[{"href":"https:\/\/centralgroup.africa\/index.php\/wp-json\/wp\/v2\/media?parent=6449"}],"curies":[{"name":"wp","href":"https:\/\/api.w.org\/{rel}","templated":true}]}}