{"id":2657,"date":"2020-12-17T04:01:02","date_gmt":"2020-12-17T04:01:02","guid":{"rendered":"https:\/\/demo.casethemes.net\/intime\/?page_id=2657"},"modified":"2020-12-17T04:01:02","modified_gmt":"2020-12-17T04:01:02","slug":"blog-grid","status":"publish","type":"page","link":"https:\/\/centralgroup.africa\/index.php\/elements\/blog-grid\/","title":{"rendered":"Blog Grid"},"content":{"rendered":"\t\t<div data-elementor-type=\"wp-page\" data-elementor-id=\"2657\" class=\"elementor elementor-2657\">\n\t\t\t\t\t\t\t        <section class=\"elementor-section elementor-top-section elementor-element elementor-element-7ac5a164 elementor-section-stretched elementor-section-boxed elementor-section-height-default elementor-section-height-default\" data-id=\"7ac5a164\" data-element_type=\"section\" data-settings=\"{&quot;stretch_section&quot;:&quot;section-stretched&quot;,&quot;background_background&quot;:&quot;classic&quot;}\">\n            \n                        <div class=\"elementor-container elementor-column-gap-no \">\n                    <div class=\"elementor-column elementor-col-100 elementor-top-column elementor-element elementor-element-4faea08b\" data-id=\"4faea08b\" data-element_type=\"column\">\n            <div class=\"elementor-widget-wrap elementor-element-populated\">\n                        \t\t<div class=\"elementor-element elementor-element-5d84c870 elementor-widget elementor-widget-spacer\" data-id=\"5d84c870\" data-element_type=\"widget\" data-widget_type=\"spacer.default\">\n\t\t\t\t<div class=\"elementor-widget-container\">\n\t\t\t<style>\/*! elementor - v3.13.3 - 28-05-2023 *\/\n.elementor-column .elementor-spacer-inner{height:var(--spacer-size)}.e-con{--container-widget-width:100%}.e-con-inner>.elementor-widget-spacer,.e-con>.elementor-widget-spacer{width:var(--container-widget-width,var(--spacer-size));--align-self:var(--container-widget-align-self,initial);--flex-shrink:0}.e-con-inner>.elementor-widget-spacer>.elementor-widget-container,.e-con-inner>.elementor-widget-spacer>.elementor-widget-container>.elementor-spacer,.e-con>.elementor-widget-spacer>.elementor-widget-container,.e-con>.elementor-widget-spacer>.elementor-widget-container>.elementor-spacer{height:100%}.e-con-inner>.elementor-widget-spacer>.elementor-widget-container>.elementor-spacer>.elementor-spacer-inner,.e-con>.elementor-widget-spacer>.elementor-widget-container>.elementor-spacer>.elementor-spacer-inner{height:var(--container-widget-height,var(--spacer-size))}<\/style>\t\t<div class=\"elementor-spacer\">\n\t\t\t<div class=\"elementor-spacer-inner\"><\/div>\n\t\t<\/div>\n\t\t\t\t<\/div>\n\t\t\t\t<\/div>\n\t\t            <\/div>\n        <\/div>\n                            <\/div>\n        <\/section>\n                <section class=\"elementor-section elementor-top-section elementor-element elementor-element-cebef81 elementor-section-boxed elementor-section-height-default elementor-section-height-default\" data-id=\"cebef81\" data-element_type=\"section\">\n            \n                        <div class=\"elementor-container elementor-column-gap-extended \">\n                    <div class=\"elementor-column elementor-col-100 elementor-top-column elementor-element elementor-element-a117179\" data-id=\"a117179\" data-element_type=\"column\">\n            <div class=\"elementor-widget-wrap elementor-element-populated\">\n                        \t\t<div class=\"elementor-element elementor-element-c39b425 elementor-widget elementor-widget-ct_blog_grid\" data-id=\"c39b425\" data-element_type=\"widget\" data-widget_type=\"ct_blog_grid.default\">\n\t\t\t\t<div class=\"elementor-widget-container\">\n\t\t\t\r\n<div id=\"ct_blog_grid-c39b425\" class=\"ct-grid ct-blog-grid ct-blog-grid-layout1\" data-layout=\"masonry\" data-start-page=\"1\" data-max-pages=\"1\" data-total=\"4\" data-perpage=\"6\" data-next-link=\"\">\r\n    <div class=\"ct-grid-overlay\"><\/div>\r\n    \r\n    <div class=\"ct-grid-inner ct-grid-masonry row animate-time\" data-gutter=\"15\">\r\n                    <div class=\"grid-sizer col-xl-4 col-lg-4 col-md-6 col-sm-6 col-12\"><\/div>\r\n                                <div class=\"grid-item col-xl-4 col-lg-4 col-md-6 col-sm-6 col-12 \">\r\n                    <div class=\"grid-item-inner \" data-wow-duration=\"1.2s\">\r\n                                                    <div class=\"item--featured image-effect-white\">\r\n                                <a href=\"https:\/\/centralgroup.africa\/index.php\/2020\/11\/10\/we-would-love-to-share-a-similar-experience\/\"><img decoding=\"async\" class=\"no-lazyload \" src=\"https:\/\/centralgroup.africa\/wp-content\/uploads\/2020\/11\/Art-370x300.jpeg\" width=\"370\" height=\"300\" alt=\"Art\" title=\"Art\" \/><\/a>\r\n                                                                    <div class=\"item--date ct-date-box\">\r\n                                        <div class=\"item--date-inner\">\r\n                                            <span>10<\/span>\r\n                                            <span>Nov, 20<\/span>\r\n                                        <\/div>\r\n                                    <\/div>\r\n                                                            <\/div>\r\n                                                <div class=\"item--body\">\r\n                                                            <ul class=\"item--meta ct-item-meta\">\r\n                                                                            <li class=\"item-author\">\r\n                                            <a href=\"https:\/\/centralgroup.africa\/index.php\/author\/xadeem\/\">xadeem<\/a>\r\n                                        <\/li>\r\n                                                                                                                <li class=\"item--category\">\r\n                                            <a href=\"https:\/\/centralgroup.africa\/index.php\/category\/consulting\/\" rel=\"tag\">Consulting<\/a>                                        <\/li>\r\n                                                                    <\/ul>\r\n                                                        <h3 class=\"item--title\"><a href=\"https:\/\/centralgroup.africa\/index.php\/2020\/11\/10\/we-would-love-to-share-a-similar-experience\/\">RETOUR DU BATEAU M\u00c9DICAL GLOBAL MERCY AU PORT DE DAKAR, LE PLUS GRAND NAVIRE-H\u00d4PITAL PRIV\u00c9 AU MONDE<\/a><\/h3>\r\n                                                            <div class=\"item--content\">\r\n                                    Ce grand navire d\u2019une longueur de 174 m\u00e8tres et 28,6 m\u00e8tres de large dispose de 12 ponts. Il est \u00e9quip\u00e9 de 6 quartiers op\u00e9ratoires \u00e0&hellip;                                <\/div>\r\n                                                                                        <div class=\"item--readmore\">\r\n                                    <a class=\"btn-line-text\" href=\"https:\/\/centralgroup.africa\/index.php\/2020\/11\/10\/we-would-love-to-share-a-similar-experience\/\">\r\n                                        <span>Read more<\/span>\r\n                                        <i>+<\/i>\r\n                                    <\/a>\r\n                                <\/div>\r\n                                                    <\/div>\r\n                    <\/div>\r\n                <\/div>\r\n                            <div class=\"grid-item col-xl-4 col-lg-4 col-md-6 col-sm-6 col-12 \">\r\n                    <div class=\"grid-item-inner \" data-wow-duration=\"1.2s\">\r\n                                                    <div class=\"item--featured image-effect-white\">\r\n                                <a href=\"https:\/\/centralgroup.africa\/index.php\/2020\/11\/06\/we-glad-to-discuss-your-organisations-situation\/\"><img decoding=\"async\" class=\"no-lazyload \" src=\"https:\/\/centralgroup.africa\/wp-content\/uploads\/2020\/11\/art_1-370x300.jpeg\" width=\"370\" height=\"300\" alt=\"art_1\" title=\"art_1\" \/><\/a>\r\n                                                                    <div class=\"item--date ct-date-box\">\r\n                                        <div class=\"item--date-inner\">\r\n                                            <span>06<\/span>\r\n                                            <span>Nov, 20<\/span>\r\n                                        <\/div>\r\n                                    <\/div>\r\n                                                            <\/div>\r\n                                                <div class=\"item--body\">\r\n                                                            <ul class=\"item--meta ct-item-meta\">\r\n                                                                            <li class=\"item-author\">\r\n                                            <a href=\"https:\/\/centralgroup.africa\/index.php\/author\/xadeem\/\">xadeem<\/a>\r\n                                        <\/li>\r\n                                                                                                                <li class=\"item--category\">\r\n                                            <a href=\"https:\/\/centralgroup.africa\/index.php\/category\/hr-consulting\/\" rel=\"tag\">HR Consulting<\/a>                                        <\/li>\r\n                                                                    <\/ul>\r\n                                                        <h3 class=\"item--title\"><a href=\"https:\/\/centralgroup.africa\/index.php\/2020\/11\/06\/we-glad-to-discuss-your-organisations-situation\/\">C\u00c9R\u00c9MONIE DE REMISE DES ATTESTATIONS DE FORMATION DES DOCKERS<\/a><\/h3>\r\n                                                            <div class=\"item--content\">\r\n                                    La c\u00e9r\u00e9monie de remise des attestations de formation des dockers s\u2019est tenue le mercredi 01 f\u00e9vrier 2023 au grand th\u00e9\u00e2tre, sous la pr\u00e9sence effective de&hellip;                                <\/div>\r\n                                                                                        <div class=\"item--readmore\">\r\n                                    <a class=\"btn-line-text\" href=\"https:\/\/centralgroup.africa\/index.php\/2020\/11\/06\/we-glad-to-discuss-your-organisations-situation\/\">\r\n                                        <span>Read more<\/span>\r\n                                        <i>+<\/i>\r\n                                    <\/a>\r\n                                <\/div>\r\n                                                    <\/div>\r\n                    <\/div>\r\n                <\/div>\r\n                            <div class=\"grid-item col-xl-4 col-lg-4 col-md-6 col-sm-6 col-12 \">\r\n                    <div class=\"grid-item-inner \" data-wow-duration=\"1.2s\">\r\n                                                    <div class=\"item--featured image-effect-white\">\r\n                                <a href=\"https:\/\/centralgroup.africa\/index.php\/2020\/10\/20\/in-this-context-our-main-approach-was-to-build\/\"><img decoding=\"async\" class=\"no-lazyload \" src=\"https:\/\/centralgroup.africa\/wp-content\/uploads\/2020\/10\/art3-370x300.jpeg\" width=\"370\" height=\"300\" alt=\"art3\" title=\"art3\" \/><\/a>\r\n                                                                    <div class=\"item--date ct-date-box\">\r\n                                        <div class=\"item--date-inner\">\r\n                                            <span>20<\/span>\r\n                                            <span>Oct, 20<\/span>\r\n                                        <\/div>\r\n                                    <\/div>\r\n                                                            <\/div>\r\n                                                <div class=\"item--body\">\r\n                                                            <ul class=\"item--meta ct-item-meta\">\r\n                                                                            <li class=\"item-author\">\r\n                                            <a href=\"https:\/\/centralgroup.africa\/index.php\/author\/xadeem\/\">xadeem<\/a>\r\n                                        <\/li>\r\n                                                                                                                <li class=\"item--category\">\r\n                                            <a href=\"https:\/\/centralgroup.africa\/index.php\/category\/consulting\/\" rel=\"tag\">Consulting<\/a>                                        <\/li>\r\n                                                                    <\/ul>\r\n                                                        <h3 class=\"item--title\"><a href=\"https:\/\/centralgroup.africa\/index.php\/2020\/10\/20\/in-this-context-our-main-approach-was-to-build\/\">VISITE DU MINISTRE BRITANNIQUE CHARG\u00c9 DU D\u00c9VELOPPEMENT ET DE L\u2019AFRIQUE<\/a><\/h3>\r\n                                                            <div class=\"item--content\">\r\n                                    Le ministre britannique charg\u00e9 du d\u00e9veloppement et de l\u2019Afrique, M.Andrew Mitchell, a visit\u00e9 le Terminal de Concession de DPW au Port Autonome de Dakar, accompagn\u00e9&hellip;                                <\/div>\r\n                                                                                        <div class=\"item--readmore\">\r\n                                    <a class=\"btn-line-text\" href=\"https:\/\/centralgroup.africa\/index.php\/2020\/10\/20\/in-this-context-our-main-approach-was-to-build\/\">\r\n                                        <span>Read more<\/span>\r\n                                        <i>+<\/i>\r\n                                    <\/a>\r\n                                <\/div>\r\n                                                    <\/div>\r\n                    <\/div>\r\n                <\/div>\r\n                            <div class=\"grid-item col-xl-4 col-lg-4 col-md-6 col-sm-6 col-12 \">\r\n                    <div class=\"grid-item-inner \" data-wow-duration=\"1.2s\">\r\n                                                    <div class=\"item--featured image-effect-white\">\r\n                                <a href=\"https:\/\/centralgroup.africa\/index.php\/2020\/10\/06\/you-can-use-it-for-any-kind-website-like\/\"><img decoding=\"async\" class=\"no-lazyload \" src=\"https:\/\/centralgroup.africa\/wp-content\/uploads\/2020\/10\/delegation_ministre_transport3-370x300.jpeg\" width=\"370\" height=\"300\" alt=\"delegation_ministre_transport3\" title=\"delegation_ministre_transport3\" \/><\/a>\r\n                                                                    <div class=\"item--date ct-date-box\">\r\n                                        <div class=\"item--date-inner\">\r\n                                            <span>06<\/span>\r\n                                            <span>Oct, 20<\/span>\r\n                                        <\/div>\r\n                                    <\/div>\r\n                                                            <\/div>\r\n                                                <div class=\"item--body\">\r\n                                                            <ul class=\"item--meta ct-item-meta\">\r\n                                                                            <li class=\"item-author\">\r\n                                            <a href=\"https:\/\/centralgroup.africa\/index.php\/author\/xadeem\/\">xadeem<\/a>\r\n                                        <\/li>\r\n                                                                                                                <li class=\"item--category\">\r\n                                            <a href=\"https:\/\/centralgroup.africa\/index.php\/category\/investment-policy\/\" rel=\"tag\">Investment Policy<\/a>                                        <\/li>\r\n                                                                    <\/ul>\r\n                                                        <h3 class=\"item--title\"><a href=\"https:\/\/centralgroup.africa\/index.php\/2020\/10\/06\/you-can-use-it-for-any-kind-website-like\/\">RENFORCEMENT DE LA COOP\u00c9RATION S\u00c9N\u00c9GALO-MALIENNE<\/a><\/h3>\r\n                                                            <div class=\"item--content\">\r\n                                    Mme Dembele Madina SISSOKHO Ministre des Transports a visit\u00e9 le Port Autonome de Dakar, dans le cadre du renforcement de la coop\u00e9ration S\u00e9n\u00e9galo-Malienne, pour la&hellip;                                <\/div>\r\n                                                                                        <div class=\"item--readmore\">\r\n                                    <a class=\"btn-line-text\" href=\"https:\/\/centralgroup.africa\/index.php\/2020\/10\/06\/you-can-use-it-for-any-kind-website-like\/\">\r\n                                        <span>Read more<\/span>\r\n                                        <i>+<\/i>\r\n                                    <\/a>\r\n                                <\/div>\r\n                                                    <\/div>\r\n                    <\/div>\r\n                <\/div>\r\n                <\/div>\r\n        <\/div>\t\t<\/div>\n\t\t\t\t<\/div>\n\t\t            <\/div>\n        <\/div>\n                            <\/div>\n        <\/section>\n                <section class=\"elementor-section elementor-top-section elementor-element elementor-element-a186b6e elementor-section-stretched elementor-section-boxed elementor-section-height-default elementor-section-height-default\" data-id=\"a186b6e\" data-element_type=\"section\" data-settings=\"{&quot;stretch_section&quot;:&quot;section-stretched&quot;,&quot;background_background&quot;:&quot;classic&quot;}\">\n            \n                        <div class=\"elementor-container elementor-column-gap-no \">\n                    <div class=\"elementor-column elementor-col-100 elementor-top-column elementor-element elementor-element-7fdb2c4\" data-id=\"7fdb2c4\" data-element_type=\"column\">\n            <div class=\"elementor-widget-wrap elementor-element-populated\">\n                        \t\t<div class=\"elementor-element elementor-element-6b39b18 elementor-widget elementor-widget-spacer\" data-id=\"6b39b18\" data-element_type=\"widget\" data-widget_type=\"spacer.default\">\n\t\t\t\t<div class=\"elementor-widget-container\">\n\t\t\t\t\t<div class=\"elementor-spacer\">\n\t\t\t<div class=\"elementor-spacer-inner\"><\/div>\n\t\t<\/div>\n\t\t\t\t<\/div>\n\t\t\t\t<\/div>\n\t\t            <\/div>\n        <\/div>\n                            <\/div>\n        <\/section>\n        \t\t\t\t\t<\/div>\n\t\t","protected":false},"excerpt":{"rendered":"<p>10 Nov, 20 John Doe Consulting We would love to share a similar experience The theory was first published in 2008 a press released under the name of Cliff Arnall, who at the time was a tutor at the&hellip; Read more + 06 Nov, 20 John Doe HR Consulting We glad to discuss your organisation [&hellip;]<\/p>\n","protected":false},"author":1,"featured_media":0,"parent":2478,"menu_order":0,"comment_status":"closed","ping_status":"closed","template":"","meta":[],"_links":{"self":[{"href":"https:\/\/centralgroup.africa\/index.php\/wp-json\/wp\/v2\/pages\/2657"}],"collection":[{"href":"https:\/\/centralgroup.africa\/index.php\/wp-json\/wp\/v2\/pages"}],"about":[{"href":"https:\/\/centralgroup.africa\/index.php\/wp-json\/wp\/v2\/types\/page"}],"author":[{"embeddable":true,"href":"https:\/\/centralgroup.africa\/index.php\/wp-json\/wp\/v2\/users\/1"}],"replies":[{"embeddable":true,"href":"https:\/\/centralgroup.africa\/index.php\/wp-json\/wp\/v2\/comments?post=2657"}],"version-history":[{"count":0,"href":"https:\/\/centralgroup.africa\/index.php\/wp-json\/wp\/v2\/pages\/2657\/revisions"}],"up":[{"embeddable":true,"href":"https:\/\/centralgroup.africa\/index.php\/wp-json\/wp\/v2\/pages\/2478"}],"wp:attachment":[{"href":"https:\/\/centralgroup.africa\/index.php\/wp-json\/wp\/v2\/media?parent=2657"}],"curies":[{"name":"wp","href":"https:\/\/api.w.org\/{rel}","templated":true}]}}